{"id":209,"date":"2025-04-29T22:09:20","date_gmt":"2025-04-29T22:09:20","guid":{"rendered":"http:\/\/ecorare.ca\/?page_id=209"},"modified":"2025-05-01T18:55:34","modified_gmt":"2025-05-01T18:55:34","slug":"home","status":"publish","type":"page","link":"https:\/\/ecorare.ca\/fr\/","title":{"rendered":"Home"},"content":{"rendered":"<div data-elementor-type=\"wp-page\" data-elementor-id=\"209\" class=\"elementor elementor-209\">\n\t\t\t\t<div class=\"elementor-element elementor-element-c6c0f58 e-con-full e-flex e-con e-parent\" data-id=\"c6c0f58\" data-element_type=\"container\">\n\t\t\t\t<div class=\"elementor-element elementor-element-4640dff elementor-widget elementor-widget-slider_revolution\" data-id=\"4640dff\" data-element_type=\"widget\" data-widget_type=\"slider_revolution.default\">\n\t\t\t\t<div class=\"elementor-widget-container\">\n\t\t\t\t\t\n\t\t<div class=\"wp-block-themepunch-revslider\">\n\t\t\t\t<p class=\"rs-p-wp-fix\"><\/p>\n\t\t\t\t<sr7-module data-alias=\"creative-portfolio-main-slider-1\" data-id=\"15\" id=\"SR7_15_1\" class=\"rs-ov-hidden\" data-version=\"6.7.36\">\n\t\t\t\t\t<sr7-adjuster><\/sr7-adjuster>\n\t\t\t\t\t<sr7-content>\n\t\t\t\t\t\t<sr7-slide id=\"SR7_15_1-76\" data-key=\"76\">\n\t\t\t\t\t\t\t<sr7-txt id=\"SR7_15_1-76-8\" class=\"sr7-layer\">ECO<\/sr7-txt>\n\t\t\t\t\t\t\t<sr7-txt id=\"SR7_15_1-76-9\" class=\"sr7-layer\">RARE<\/sr7-txt>\n\t\t\t\t\t\t\t<a id=\"SR7_15_1-76-12\" class=\"sr7-layer\" href=\"#\" target=\"_blank\" rel=\"noopener\">Contactez-nous<\/a>\n\t\t\t\t\t\t\t<sr7-txt id=\"SR7_15_1-76-17\" class=\"sr7-layer\">Notre travail combine la recherche de pointe avec l\u2019innovation pratique pour changer la fa\u00e7on dont les \u00e9l\u00e9ments des terres rares sont extraits de mani\u00e8re s\u00fbre, efficace et sans impact environnemental.<\/sr7-txt>\n\t\t\t\t\t\t<\/sr7-slide>\n\t\t\t\t\t\t<sr7-slide id=\"SR7_15_1-77\" data-key=\"77\">\n\t\t\t\t\t\t\t<sr7-txt id=\"SR7_15_1-77-10\" class=\"sr7-layer\">Nous extrayons les terres rares comme jamais auparavant. Notre technologie est simple d'utilisation, tr\u00e8s efficace et, surtout, 100 % \u00e9cologique.<\/sr7-txt>\n\t\t\t\t\t\t\t<sr7-txt id=\"SR7_15_1-77-24\" class=\"sr7-layer\">\u00c0 Propos<\/sr7-txt>\n\t\t\t\t\t\t<\/sr7-slide>\n\t\t\t\t\t\t<sr7-slide id=\"SR7_15_1-78\" data-key=\"78\">\n\t\t\t\t\t\t\t<sr7-txt id=\"SR7_15_1-78-10\" class=\"sr7-layer\">Efficace<\/sr7-txt>\n\t\t\t\t\t\t\t<sr7-txt id=\"SR7_15_1-78-79\" class=\"sr7-layer\">Solutions<\/sr7-txt>\n\t\t\t\t\t\t\t<sr7-txt id=\"SR7_15_1-78-80\" class=\"sr7-layer\"><i class=\"material-icons\">arrow_downward<\/i><\/sr7-txt>\n\t\t\t\t\t\t\t<sr7-txt id=\"SR7_15_1-78-83\" class=\"sr7-layer\">Rapide<\/sr7-txt>\n\t\t\t\t\t\t\t<sr7-txt id=\"SR7_15_1-78-84\" class=\"sr7-layer\">\u00c9cologique<\/sr7-txt>\n\t\t\t\t\t\t\t<sr7-txt id=\"SR7_15_1-78-92\" class=\"sr7-layer\">Avantages<\/sr7-txt>\n\t\t\t\t\t\t<\/sr7-slide>\n\t\t\t\t\t\t<sr7-slide id=\"SR7_15_1-79\" data-key=\"79\">\n\t\t\t\t\t\t\t<sr7-txt id=\"SR7_15_1-79-19\" class=\"sr7-layer\">Nous proposons une m\u00e9thode d\u2019extraction r\u00e9volutionnaire, rapide, rentable et facile \u00e0 d\u00e9ployer.<\/sr7-txt>\n\t\t\t\t\t\t\t<sr7-txt id=\"SR7_15_1-79-21\" class=\"sr7-layer\">Aucune infrastructure complexe, aucun risque environnemental, juste une extraction pure et rationalis\u00e9e, pr\u00eate \u00e0 relever les d\u00e9fis miniers modernes.<\/sr7-txt>\n\t\t\t\t\t\t\t<sr7-txt id=\"SR7_15_1-79-25\" class=\"sr7-layer\">Extraction Terres Rares<\/sr7-txt>\n\t\t\t\t\t\t\t<sr7-txt id=\"SR7_15_1-79-28\" class=\"sr7-layer\">Solution<\/sr7-txt>\n\t\t\t\t\t\t\t<sr7-txt id=\"SR7_15_1-79-49\" class=\"sr7-layer\">view solution<\/sr7-txt>\n\t\t\t\t\t\t\t<sr7-txt id=\"SR7_15_1-79-56\" class=\"sr7-layer\">Exploitation Mini\u00e8re<\/sr7-txt>\n\t\t\t\t\t\t\t<sr7-txt id=\"SR7_15_1-79-57\" class=\"sr7-layer\">Solution<\/sr7-txt>\n\t\t\t\t\t\t<\/sr7-slide>\n\t\t\t\t\t\t<sr7-slide id=\"SR7_15_1-80\" data-key=\"80\">\n\t\t\t\t\t\t\t<sr7-txt id=\"SR7_15_1-80-19\" class=\"sr7-layer\">Des r\u00e9sultats plus rapides, des co\u00fbts r\u00e9duits et une configuration minimale. C'est la m\u00e9thode la plus intelligente pour extraire des terres rares, o\u00f9 que vous soyez.<\/sr7-txt>\n\t\t\t\t\t\t\t<sr7-txt id=\"SR7_15_1-80-21\" class=\"sr7-layer\">Extrayez les terres rares en seulement une heure. Le syst\u00e8me ECO RARE est con\u00e7u pour la rapidit\u00e9, offrant des r\u00e9sultats rapides, sans d\u00e9lai ni compromis.<\/sr7-txt>\n\t\t\t\t\t\t\t<sr7-txt id=\"SR7_15_1-80-25\" class=\"sr7-layer\">Extraction Rapide<\/sr7-txt>\n\t\t\t\t\t\t\t<sr7-txt id=\"SR7_15_1-80-28\" class=\"sr7-layer\">article<\/sr7-txt>\n\t\t\t\t\t\t\t<sr7-txt id=\"SR7_15_1-80-49\" class=\"sr7-layer\">view article<\/sr7-txt>\n\t\t\t\t\t\t\t<sr7-txt id=\"SR7_15_1-80-56\" class=\"sr7-layer\">Les plus efficace<\/sr7-txt>\n\t\t\t\t\t\t\t<sr7-txt id=\"SR7_15_1-80-57\" class=\"sr7-layer\">ARTICLE<\/sr7-txt>\n\t\t\t\t\t\t\t<sr7-txt id=\"SR7_15_1-80-106\" class=\"sr7-layer\">Z\u00e9ro d\u00e9chet, sans produits chimiques et sans impact environnemental. C'est l'extraction de terres rares la plus propre jamais cr\u00e9\u00e9e.<\/sr7-txt>\n\t\t\t\t\t\t\t<sr7-txt id=\"SR7_15_1-80-108\" class=\"sr7-layer\">Processus Propre<\/sr7-txt>\n\t\t\t\t\t\t\t<sr7-txt id=\"SR7_15_1-80-109\" class=\"sr7-layer\">Article<\/sr7-txt>\n\t\t\t\t\t\t<\/sr7-slide>\n\t\t\t\t\t\t<sr7-slide id=\"SR7_15_1-81\" data-key=\"81\">\n\t\t\t\t\t\t\t<sr7-txt id=\"SR7_15_1-81-35\" class=\"sr7-layer\" srscsrc><style id=\"wpforms-css-vars-254\">\n\t\t\t\t#wpforms-254 {\n\t\t\t\t\n\t\t\t}\n\t\t\t<\/style><div class=\"wpforms-container wpforms-container-full wpforms-render-modern\" id=\"wpforms-254\"><form id=\"wpforms-form-254\" class=\"wpforms-validate wpforms-form wpforms-ajax-form\" data-formid=\"254\" method=\"post\" enctype=\"multipart\/form-data\" action=\"\/fr\/wp-json\/wp\/v2\/pages\/209\" data-token=\"980acae9957b4aa1a8dea6dde9293e76\" data-token-time=\"1776321509\" data-trp-original-action=\"\/fr\/wp-json\/wp\/v2\/pages\/209\"><noscript class=\"wpforms-error-noscript\">Please enable JavaScript in your browser to complete this form.<\/noscript><div id=\"wpforms-error-noscript\" style=\"display: none;\">Please enable JavaScript in your browser to complete this form.<\/div><div class=\"wpforms-field-container\"><div id=\"wpforms-254-field_1-container\" class=\"wpforms-field wpforms-field-name\" data-field-id=\"1\"><label class=\"wpforms-field-label\" for=\"wpforms-254-field_1\">Nom <span class=\"wpforms-required-label\" aria-hidden=\"true\">*<\/span><\/label><input type=\"text\" id=\"wpforms-254-field_1\" class=\"wpforms-field-small wpforms-field-required\" name=\"wpforms[fields][1]\" aria-errormessage=\"wpforms-254-field_1-error\" required><\/div>\t\t<div id=\"wpforms-254-field_4-container\"\n\t\t\tclass=\"wpforms-field wpforms-field-text\"\n\t\t\tdata-field-type=\"text\"\n\t\t\tdata-field-id=\"4\"\n\t\t\t>\n\t\t\t<label class=\"wpforms-field-label\" for=\"wpforms-254-field_4\" >Comment Email or<\/label>\n\t\t\t<input type=\"text\" id=\"wpforms-254-field_4\" class=\"wpforms-field-medium\" name=\"wpforms[fields][4]\" >\n\t\t<\/div>\n\t\t<div id=\"wpforms-254-field_2-container\" class=\"wpforms-field wpforms-field-email\" data-field-id=\"2\"><label class=\"wpforms-field-label\" for=\"wpforms-254-field_2\">Email <span class=\"wpforms-required-label\" aria-hidden=\"true\">*<\/span><\/label><input type=\"email\" id=\"wpforms-254-field_2\" class=\"wpforms-field-small wpforms-field-required\" name=\"wpforms[fields][2]\" spellcheck=\"false\" aria-errormessage=\"wpforms-254-field_2-error\" required><\/div><div id=\"wpforms-254-field_3-container\" class=\"wpforms-field wpforms-field-textarea\" data-field-id=\"3\"><label class=\"wpforms-field-label\" for=\"wpforms-254-field_3\">Commentaire ou Message<\/label><textarea id=\"wpforms-254-field_3\" class=\"wpforms-field-medium\" name=\"wpforms[fields][3]\" aria-errormessage=\"wpforms-254-field_3-error\" ><\/textarea><\/div><script>\n\t\t\t\t( function() {\n\t\t\t\t\tconst style = document.createElement( 'style' );\n\t\t\t\t\tstyle.appendChild( document.createTextNode( '#wpforms-254-field_4-container { position: absolute !important; overflow: hidden !important; display: inline !important; height: 1px !important; width: 1px !important; z-index: -1000 !important; padding: 0 !important; } #wpforms-254-field_4-container input { visibility: hidden; } #wpforms-conversational-form-page #wpforms-254-field_4-container label { counter-increment: none; }' ) );\n\t\t\t\t\tdocument.head.appendChild( style );\n\t\t\t\t\tdocument.currentScript?.remove();\n\t\t\t\t} )();\n\t\t\t<\/script><\/div><!-- .wpforms-field-container --><div class=\"wpforms-submit-container\" ><input type=\"hidden\" name=\"wpforms[id]\" value=\"254\"><input type=\"hidden\" name=\"page_title\" value=\"\"><input type=\"hidden\" name=\"page_url\" value=\"https:\/\/ecorare.ca\/fr\/wp-json\/wp\/v2\/pages\/209\"><input type=\"hidden\" name=\"url_referer\" value=\"\"><button type=\"submit\" name=\"wpforms[submit]\" id=\"wpforms-submit-254\" class=\"wpforms-submit\" data-alt-text=\"Sending...\" data-submit-text=\"Submit\" aria-live=\"assertive\" value=\"wpforms-submit\">Submit<\/button><img decoding=\"async\" src=\"https:\/\/ecorare.ca\/wp-content\/plugins\/wpforms-lite\/assets\/images\/submit-spin.svg\" class=\"wpforms-submit-spinner\" style=\"display: none;\" width=\"26\" height=\"26\" alt=\"Loading\"><\/div><input type=\"hidden\" name=\"trp-form-language\" value=\"fr\"\/><\/form><\/div>  <!-- .wpforms-container --><\/sr7-txt>\n\t\t\t\t\t\t\t<a id=\"SR7_15_1-81-37\" class=\"sr7-layer\" href=\"mailto:info@ecorare.ca\" target=\"_blank\" rel=\"noopener\">Contactez-nous<\/a>\n\t\t\t\t\t\t\t<sr7-txt id=\"SR7_15_1-81-44\" class=\"sr7-layer\">\u00a9 Eco Rare | 2025<\/sr7-txt>\n\t\t\t\t\t\t\t<a id=\"SR7_15_1-81-45\" class=\"sr7-layer\" href=\"mailto:info@ecorare.ca\" target=\"_blank\" rel=\"noopener\">info@ecorare.ca<\/a>\n\t\t\t\t\t\t\t<sr7-txt id=\"SR7_15_1-81-48\" class=\"sr7-layer\">Construisons l'avenir de l'exploitation mini\u00e8re<\/sr7-txt>\n\t\t\t\t\t\t<\/sr7-slide>\n\t\t\t\t\t\t<sr7-slide id=\"SR7_15_1-82\" data-key=\"82\">\n\t\t\t\t\t\t\t<sr7-txt id=\"SR7_15_1-82-22\" class=\"sr7-layer\">ECO RARE NEW TECHNOLOGY<\/sr7-txt>\n\t\t\t\t\t\t\t<sr7-txt id=\"SR7_15_1-82-55\" class=\"sr7-layer\">scroll<\/sr7-txt>\n\t\t\t\t\t\t\t<sr7-txt id=\"SR7_15_1-82-134\" class=\"sr7-layer\">A Propos<\/sr7-txt>\n\t\t\t\t\t\t\t<sr7-txt id=\"SR7_15_1-82-135\" class=\"sr7-layer\">Avantages<\/sr7-txt>\n\t\t\t\t\t\t\t<sr7-txt id=\"SR7_15_1-82-136\" class=\"sr7-layer\">Solutions<\/sr7-txt>\n\t\t\t\t\t\t\t<sr7-txt id=\"SR7_15_1-82-137\" class=\"sr7-layer\">Testimonials<\/sr7-txt>\n\t\t\t\t\t\t\t<sr7-txt id=\"SR7_15_1-82-138\" class=\"sr7-layer\">Contact<\/sr7-txt>\n\t\t\t\t\t\t<\/sr7-slide>\n\t\t\t\t\t<\/sr7-content>\n\t\t\t\t\t<image_lists style=\"display:none\">\n\t\t\t\t\t\t<img data-src=\"\/\/ecorare.ca\/wp-content\/uploads\/revslider\/creative-portfolio-main-slider\/shadow-2.png\" data-libid=\"81\" data-lib=\"medialibrary\" title=\"shadow-2.png\" width=\"0\" height=\"0\" data-dbsrc=\"Ly9lY29yYXJlLmNhL3dwLWNvbnRlbnQvdXBsb2Fkcy9yZXZzbGlkZXIvY3JlYXRpdmUtcG9ydGZvbGlvLW1haW4tc2xpZGVyL3NoYWRvdy0yLnBuZw==\"\/>\n\t\t\t\t\t\t<img data-src=\"\/\/ecorare.ca\/wp-content\/uploads\/2025\/04\/mining1-scaled.jpg\" data-libid=\"187\" title=\"Quarry for mining of natural resources on the hill\" width=\"0\" height=\"0\" data-dbsrc=\"Ly9lY29yYXJlLmNhL3dwLWNvbnRlbnQvdXBsb2Fkcy8yMDI1LzA0L21pbmluZzEtc2NhbGVkLmpwZw==\"\/>\n\t\t\t\t\t\t<img loading=\"lazy\" data-src=\"\/\/ecorare.ca\/wp-content\/uploads\/2025\/04\/holes-scaled.jpg\" data-libid=\"189\" title=\"Drilling holes for dynamite blasting, Manganese Mining and processing\" width=\"0\" height=\"0\" data-dbsrc=\"Ly9lY29yYXJlLmNhL3dwLWNvbnRlbnQvdXBsb2Fkcy8yMDI1LzA0L2hvbGVzLXNjYWxlZC5qcGc=\"\/>\n\t\t\t\t\t\t<img loading=\"lazy\" data-src=\"\/\/ecorare.ca\/wp-content\/uploads\/2025\/04\/mining3-scaled.jpg\" data-libid=\"190\" title=\"Aerial top view of open pit development and sand extraction. Min\" width=\"0\" height=\"0\" data-dbsrc=\"Ly9lY29yYXJlLmNhL3dwLWNvbnRlbnQvdXBsb2Fkcy8yMDI1LzA0L21pbmluZzMtc2NhbGVkLmpwZw==\"\/>\n\t\t\t\t\t\t<img loading=\"lazy\" data-src=\"\/\/ecorare.ca\/wp-content\/uploads\/2025\/04\/materials-scaled.jpg\" data-libid=\"191\" title=\"Aerial photo documentation of a factory for the preparation of b\" width=\"0\" height=\"0\" data-dbsrc=\"Ly9lY29yYXJlLmNhL3dwLWNvbnRlbnQvdXBsb2Fkcy8yMDI1LzA0L21hdGVyaWFscy1zY2FsZWQuanBn\"\/>\n\t\t\t\t\t\t<img loading=\"lazy\" data-src=\"\/\/ecorare.ca\/wp-content\/uploads\/revslider\/objects\/Surfer-in-wave-50.jpg\" width=\"0\" height=\"0\" data-dbsrc=\"Ly9lY29yYXJlLmNhL3dwLWNvbnRlbnQvdXBsb2Fkcy9yZXZzbGlkZXIvb2JqZWN0cy9TdXJmZXItaW4td2F2ZS01MC5qcGc=\"\/>\n\t\t\t\t\t\t<img loading=\"lazy\" data-src=\"\/\/ecorare.ca\/wp-content\/uploads\/revslider\/objects\/Brown-cliff-50.jpg\" width=\"0\" height=\"0\" data-dbsrc=\"Ly9lY29yYXJlLmNhL3dwLWNvbnRlbnQvdXBsb2Fkcy9yZXZzbGlkZXIvb2JqZWN0cy9Ccm93bi1jbGlmZi01MC5qcGc=\"\/>\n\t\t\t\t\t\t<img loading=\"lazy\" data-src=\"\/\/ecorare.ca\/wp-content\/uploads\/revslider\/objects\/Boat-on-body-of-water-50.jpg\" width=\"0\" height=\"0\" data-dbsrc=\"Ly9lY29yYXJlLmNhL3dwLWNvbnRlbnQvdXBsb2Fkcy9yZXZzbGlkZXIvb2JqZWN0cy9Cb2F0LW9uLWJvZHktb2Ytd2F0ZXItNTAuanBn\"\/>\n\t\t\t\t\t\t<img loading=\"lazy\" data-src=\"\/\/ecorare.ca\/wp-content\/uploads\/2025\/04\/earth2-scaled.jpg\" data-libid=\"202\" title=\"Soil in hand kid, palm, cultivated dirt, earth, ground, Organic gardening, agriculture. Nature closeup. Environmental texture\" width=\"0\" height=\"0\" data-dbsrc=\"Ly9lY29yYXJlLmNhL3dwLWNvbnRlbnQvdXBsb2Fkcy8yMDI1LzA0L2VhcnRoMi1zY2FsZWQuanBn\"\/>\n\t\t\t\t\t\t<img loading=\"lazy\" data-src=\"\/\/ecorare.ca\/wp-content\/uploads\/2025\/04\/ae2-scaled.jpg\" data-libid=\"198\" title=\"Aerial View Green Forest Woods And River Landscape In Sunny Spring Day. Top View Of Beautiful European Nature From High Attitude. Drone View. Bird&#8217;s Eye View. Little Small Planet Concept\" width=\"0\" height=\"0\" data-dbsrc=\"Ly9lY29yYXJlLmNhL3dwLWNvbnRlbnQvdXBsb2Fkcy8yMDI1LzA0L2FlMi1zY2FsZWQuanBn\"\/>\n\t\t\t\t\t\t<img loading=\"lazy\" data-src=\"\/\/ecorare.ca\/wp-content\/uploads\/2025\/04\/bl2-scaled.jpg\" data-libid=\"248\" title=\"blurred purple glowing glitter on black background\" width=\"0\" height=\"0\" data-dbsrc=\"Ly9lY29yYXJlLmNhL3dwLWNvbnRlbnQvdXBsb2Fkcy8yMDI1LzA0L2JsMi1zY2FsZWQuanBn\"\/>\n\t\t\t\t\t\t<img loading=\"lazy\" data-src=\"\/\/ecorare.ca\/wp-content\/uploads\/2025\/04\/bj1-scaled.jpg\" data-libid=\"249\" title=\"Bokeh Abstract Background with Glitter Lights. Blurred Soft vint\" width=\"0\" height=\"0\" data-dbsrc=\"Ly9lY29yYXJlLmNhL3dwLWNvbnRlbnQvdXBsb2Fkcy8yMDI1LzA0L2JqMS1zY2FsZWQuanBn\"\/>\n\t\t\t\t\t\t<img loading=\"lazy\" data-src=\"\/\/ecorare.ca\/wp-content\/uploads\/2025\/05\/ecorare-white.png\" data-libid=\"278\" data-lib=\"medialibrary\" title=\"ecorare-white\" width=\"0\" height=\"0\" data-dbsrc=\"Ly9lY29yYXJlLmNhL3dwLWNvbnRlbnQvdXBsb2Fkcy8yMDI1LzA1L2Vjb3JhcmUtd2hpdGUucG5n\"\/>\n\t\t\t\t\t<\/image_lists>\n\t\t\t\t<\/sr7-module>\n\t\t\t\t<script>\n\t\t\t\t\tSR7.PMH ??={}; SR7.PMH[\"SR7_15_1\"] = {cn:100,state:false,fn: function() { if (_tpt!==undefined && _tpt.prepareModuleHeight !== undefined) {  _tpt.prepareModuleHeight({id:\"SR7_15_1\",el:[900,900,768,960,720],type:'standard',shdw:'0',gh:[900,900,768,960,720],gw:[1240,1240,1024,778,480],vpt:['-200px&#039;,&#039;-200px&#039;,&#039;-200px&#039;,&#039;-200px&#039;,&#039;-200px'],size:{fullWidth:true, fullHeight:true},off:{\"t\":[\"-10px\",\"-10px\",\"-10px\",\"-10px\",\"-10px\"],\"b\":[\"-10px\",\"-10px\",\"-10px\",\"-10px\",\"-10px\"],\"l\":[\"0px\",\"0px\",\"0px\",\"0px\",\"0px\"],\"r\":[\"0px\",\"0px\",\"0px\",\"0px\",\"0px\"]},fho:'',mh:'0',onh:0,onw:0,bg:{color:'{\"type\":\"solid\",\"orig\":\"#020202\",\"string\":\"rgba(2, 2, 2, 1)\"}'}});   SR7.PMH[\"SR7_15_1\"].state=true;} else if(SR7.PMH[\"SR7_15_1\"].cn-->0)\tsetTimeout( SR7.PMH[\"SR7_15_1\"].fn,19);}};SR7.PMH[\"SR7_15_1\" ].fn();\n\t\t\t\t<\/script>\n<\/div>\n\n\t\t\t\t\t\t<\/div>\n\t\t\t\t<\/div>\n\t\t\t\t<\/div>\n\t\t\t\t<\/div>","protected":false},"excerpt":{"rendered":"","protected":false},"author":1,"featured_media":0,"parent":0,"menu_order":0,"comment_status":"closed","ping_status":"closed","template":"","meta":{"footnotes":""},"class_list":["post-209","page","type-page","status-publish","hentry"],"_links":{"self":[{"href":"https:\/\/ecorare.ca\/fr\/wp-json\/wp\/v2\/pages\/209","targetHints":{"allow":["GET"]}}],"collection":[{"href":"https:\/\/ecorare.ca\/fr\/wp-json\/wp\/v2\/pages"}],"about":[{"href":"https:\/\/ecorare.ca\/fr\/wp-json\/wp\/v2\/types\/page"}],"author":[{"embeddable":true,"href":"https:\/\/ecorare.ca\/fr\/wp-json\/wp\/v2\/users\/1"}],"replies":[{"embeddable":true,"href":"https:\/\/ecorare.ca\/fr\/wp-json\/wp\/v2\/comments?post=209"}],"version-history":[{"count":25,"href":"https:\/\/ecorare.ca\/fr\/wp-json\/wp\/v2\/pages\/209\/revisions"}],"predecessor-version":[{"id":277,"href":"https:\/\/ecorare.ca\/fr\/wp-json\/wp\/v2\/pages\/209\/revisions\/277"}],"wp:attachment":[{"href":"https:\/\/ecorare.ca\/fr\/wp-json\/wp\/v2\/media?parent=209"}],"curies":[{"name":"wp","href":"https:\/\/api.w.org\/{rel}","templated":true}]}}